{"id":673,"date":"2026-03-12T19:04:00","date_gmt":"2026-03-12T18:04:00","guid":{"rendered":"https:\/\/www.kvak.info\/?post_type=product&#038;p=673"},"modified":"2026-03-16T15:43:36","modified_gmt":"2026-03-16T14:43:36","slug":"vaza-modelovana-samot","status":"publish","type":"product","link":"https:\/\/www.kvak.info\/index.php\/produkt\/vaza-modelovana-samot\/","title":{"rendered":"V\u00c1ZA MODELOVAN\u00c1 \u0160amot"},"content":{"rendered":"<p>ROZM\u011aRY<\/p>\n<p>\u0160\u00ed\u0159ka: 34cm<\/p>\n<p>V\u00fd\u0161ka: 34cm<\/p>\n","protected":false},"excerpt":{"rendered":"<p>ROZM\u011aRY \u0160\u00ed\u0159ka: 34cm V\u00fd\u0161ka: 34cm<\/p>\n","protected":false},"featured_media":637,"template":"","meta":[],"product_brand":[],"product_cat":[26],"product_tag":[],"class_list":{"0":"post-673","1":"product","2":"type-product","3":"status-publish","4":"has-post-thumbnail","6":"product_cat-uzitkova-keramika","8":"first","9":"instock","10":"shipping-taxable","11":"purchasable","12":"product-type-simple"},"_links":{"self":[{"href":"https:\/\/www.kvak.info\/index.php\/wp-json\/wp\/v2\/product\/673","targetHints":{"allow":["GET"]}}],"collection":[{"href":"https:\/\/www.kvak.info\/index.php\/wp-json\/wp\/v2\/product"}],"about":[{"href":"https:\/\/www.kvak.info\/index.php\/wp-json\/wp\/v2\/types\/product"}],"wp:featuredmedia":[{"embeddable":true,"href":"https:\/\/www.kvak.info\/index.php\/wp-json\/wp\/v2\/media\/637"}],"wp:attachment":[{"href":"https:\/\/www.kvak.info\/index.php\/wp-json\/wp\/v2\/media?parent=673"}],"wp:term":[{"taxonomy":"product_brand","embeddable":true,"href":"https:\/\/www.kvak.info\/index.php\/wp-json\/wp\/v2\/product_brand?post=673"},{"taxonomy":"product_cat","embeddable":true,"href":"https:\/\/www.kvak.info\/index.php\/wp-json\/wp\/v2\/product_cat?post=673"},{"taxonomy":"product_tag","embeddable":true,"href":"https:\/\/www.kvak.info\/index.php\/wp-json\/wp\/v2\/product_tag?post=673"}],"curies":[{"name":"wp","href":"https:\/\/api.w.org\/{rel}","templated":true}]}}