{"id":633,"date":"2026-03-05T20:49:12","date_gmt":"2026-03-05T19:49:12","guid":{"rendered":"https:\/\/www.kvak.info\/?post_type=product&#038;p=633"},"modified":"2026-03-16T15:43:36","modified_gmt":"2026-03-16T14:43:36","slug":"dzban-svetly-ii","status":"publish","type":"product","link":"https:\/\/www.kvak.info\/index.php\/produkt\/dzban-svetly-ii\/","title":{"rendered":"KONVICE SV\u011aTL\u00c1 II"},"content":{"rendered":"<p>AUTOR<\/p>\n<p>Ji\u0159\u00ed Lang<\/p>\n","protected":false},"excerpt":{"rendered":"<p>ROZM\u011aRY<\/p>\n<p>\u0160\u00ed\u0159ka: 21cm<\/p>\n<p>V\u00fd\u0161ka: 17cm<\/p>\n","protected":false},"featured_media":634,"template":"","meta":[],"product_brand":[],"product_cat":[23],"product_tag":[],"class_list":{"0":"post-633","1":"product","2":"type-product","3":"status-publish","4":"has-post-thumbnail","6":"product_cat-nezarazene","8":"first","9":"instock","10":"shipping-taxable","11":"purchasable","12":"product-type-simple"},"_links":{"self":[{"href":"https:\/\/www.kvak.info\/index.php\/wp-json\/wp\/v2\/product\/633","targetHints":{"allow":["GET"]}}],"collection":[{"href":"https:\/\/www.kvak.info\/index.php\/wp-json\/wp\/v2\/product"}],"about":[{"href":"https:\/\/www.kvak.info\/index.php\/wp-json\/wp\/v2\/types\/product"}],"wp:featuredmedia":[{"embeddable":true,"href":"https:\/\/www.kvak.info\/index.php\/wp-json\/wp\/v2\/media\/634"}],"wp:attachment":[{"href":"https:\/\/www.kvak.info\/index.php\/wp-json\/wp\/v2\/media?parent=633"}],"wp:term":[{"taxonomy":"product_brand","embeddable":true,"href":"https:\/\/www.kvak.info\/index.php\/wp-json\/wp\/v2\/product_brand?post=633"},{"taxonomy":"product_cat","embeddable":true,"href":"https:\/\/www.kvak.info\/index.php\/wp-json\/wp\/v2\/product_cat?post=633"},{"taxonomy":"product_tag","embeddable":true,"href":"https:\/\/www.kvak.info\/index.php\/wp-json\/wp\/v2\/product_tag?post=633"}],"curies":[{"name":"wp","href":"https:\/\/api.w.org\/{rel}","templated":true}]}}