{"id":577,"date":"2026-03-05T13:23:29","date_gmt":"2026-03-05T12:23:29","guid":{"rendered":"https:\/\/www.kvak.info\/?post_type=product&#038;p=577"},"modified":"2026-03-16T15:44:31","modified_gmt":"2026-03-16T14:44:31","slug":"dzban-svetly","status":"publish","type":"product","link":"https:\/\/www.kvak.info\/index.php\/produkt\/dzban-svetly\/","title":{"rendered":"KONVICE SV\u011aTL\u00c1 I"},"content":{"rendered":"<p>AUTOR<\/p>\n<p>Ji\u0159\u00ed Lang<\/p>\n","protected":false},"excerpt":{"rendered":"<p>ROZM\u011aRY<\/p>\n<p>\u0160\u00ed\u0159ka: 22cm<\/p>\n<p>V\u00fd\u0161ka: 17cm<\/p>\n","protected":false},"featured_media":578,"template":"","meta":[],"product_brand":[],"product_cat":[23],"product_tag":[],"class_list":{"0":"post-577","1":"product","2":"type-product","3":"status-publish","4":"has-post-thumbnail","6":"product_cat-nezarazene","8":"first","9":"instock","10":"shipping-taxable","11":"purchasable","12":"product-type-simple"},"_links":{"self":[{"href":"https:\/\/www.kvak.info\/index.php\/wp-json\/wp\/v2\/product\/577","targetHints":{"allow":["GET"]}}],"collection":[{"href":"https:\/\/www.kvak.info\/index.php\/wp-json\/wp\/v2\/product"}],"about":[{"href":"https:\/\/www.kvak.info\/index.php\/wp-json\/wp\/v2\/types\/product"}],"wp:featuredmedia":[{"embeddable":true,"href":"https:\/\/www.kvak.info\/index.php\/wp-json\/wp\/v2\/media\/578"}],"wp:attachment":[{"href":"https:\/\/www.kvak.info\/index.php\/wp-json\/wp\/v2\/media?parent=577"}],"wp:term":[{"taxonomy":"product_brand","embeddable":true,"href":"https:\/\/www.kvak.info\/index.php\/wp-json\/wp\/v2\/product_brand?post=577"},{"taxonomy":"product_cat","embeddable":true,"href":"https:\/\/www.kvak.info\/index.php\/wp-json\/wp\/v2\/product_cat?post=577"},{"taxonomy":"product_tag","embeddable":true,"href":"https:\/\/www.kvak.info\/index.php\/wp-json\/wp\/v2\/product_tag?post=577"}],"curies":[{"name":"wp","href":"https:\/\/api.w.org\/{rel}","templated":true}]}}