{"id":561,"date":"2026-03-05T12:55:44","date_gmt":"2026-03-05T11:55:44","guid":{"rendered":"https:\/\/www.kvak.info\/?post_type=product&#038;p=561"},"modified":"2026-03-16T15:44:31","modified_gmt":"2026-03-16T14:44:31","slug":"seda-nadoba-s-vikem","status":"publish","type":"product","link":"https:\/\/www.kvak.info\/index.php\/produkt\/seda-nadoba-s-vikem\/","title":{"rendered":"\u0160ED\u00c1 D\u00d3ZA S V\u00cdKEM"},"content":{"rendered":"<p>AUTOR<\/p>\n<p>Nikola Seko<\/p>\n","protected":false},"excerpt":{"rendered":"<p>ROZM\u011aRY<\/p>\n<p>\u0160\u00ed\u0159ka: 13cm<\/p>\n<p>V\u00fd\u0161ka: 17cm<\/p>\n","protected":false},"featured_media":562,"template":"","meta":[],"product_brand":[],"product_cat":[23],"product_tag":[],"class_list":{"0":"post-561","1":"product","2":"type-product","3":"status-publish","4":"has-post-thumbnail","6":"product_cat-nezarazene","8":"first","9":"instock","10":"shipping-taxable","11":"purchasable","12":"product-type-simple"},"_links":{"self":[{"href":"https:\/\/www.kvak.info\/index.php\/wp-json\/wp\/v2\/product\/561","targetHints":{"allow":["GET"]}}],"collection":[{"href":"https:\/\/www.kvak.info\/index.php\/wp-json\/wp\/v2\/product"}],"about":[{"href":"https:\/\/www.kvak.info\/index.php\/wp-json\/wp\/v2\/types\/product"}],"wp:featuredmedia":[{"embeddable":true,"href":"https:\/\/www.kvak.info\/index.php\/wp-json\/wp\/v2\/media\/562"}],"wp:attachment":[{"href":"https:\/\/www.kvak.info\/index.php\/wp-json\/wp\/v2\/media?parent=561"}],"wp:term":[{"taxonomy":"product_brand","embeddable":true,"href":"https:\/\/www.kvak.info\/index.php\/wp-json\/wp\/v2\/product_brand?post=561"},{"taxonomy":"product_cat","embeddable":true,"href":"https:\/\/www.kvak.info\/index.php\/wp-json\/wp\/v2\/product_cat?post=561"},{"taxonomy":"product_tag","embeddable":true,"href":"https:\/\/www.kvak.info\/index.php\/wp-json\/wp\/v2\/product_tag?post=561"}],"curies":[{"name":"wp","href":"https:\/\/api.w.org\/{rel}","templated":true}]}}