{"id":554,"date":"2026-03-05T11:33:43","date_gmt":"2026-03-05T10:33:43","guid":{"rendered":"https:\/\/www.kvak.info\/?post_type=product&#038;p=554"},"modified":"2026-03-16T15:45:30","modified_gmt":"2026-03-16T14:45:30","slug":"vaza-lahev","status":"publish","type":"product","link":"https:\/\/www.kvak.info\/index.php\/produkt\/vaza-lahev\/","title":{"rendered":"V\u00c1ZA S UCHEM"},"content":{"rendered":"<p>ROZM\u011aRY<\/p>\n<p>\u0160\u00ed\u0159ka: 9cm<\/p>\n<p>V\u00fd\u0161ka: 17cm<\/p>\n","protected":false},"excerpt":{"rendered":"<p>ROZM\u011aRY \u0160\u00ed\u0159ka: 9cm V\u00fd\u0161ka: 17cm<\/p>\n","protected":false},"featured_media":555,"template":"","meta":[],"product_brand":[],"product_cat":[26],"product_tag":[],"class_list":{"0":"post-554","1":"product","2":"type-product","3":"status-publish","4":"has-post-thumbnail","6":"product_cat-uzitkova-keramika","8":"first","9":"instock","10":"shipping-taxable","11":"purchasable","12":"product-type-simple"},"_links":{"self":[{"href":"https:\/\/www.kvak.info\/index.php\/wp-json\/wp\/v2\/product\/554","targetHints":{"allow":["GET"]}}],"collection":[{"href":"https:\/\/www.kvak.info\/index.php\/wp-json\/wp\/v2\/product"}],"about":[{"href":"https:\/\/www.kvak.info\/index.php\/wp-json\/wp\/v2\/types\/product"}],"wp:featuredmedia":[{"embeddable":true,"href":"https:\/\/www.kvak.info\/index.php\/wp-json\/wp\/v2\/media\/555"}],"wp:attachment":[{"href":"https:\/\/www.kvak.info\/index.php\/wp-json\/wp\/v2\/media?parent=554"}],"wp:term":[{"taxonomy":"product_brand","embeddable":true,"href":"https:\/\/www.kvak.info\/index.php\/wp-json\/wp\/v2\/product_brand?post=554"},{"taxonomy":"product_cat","embeddable":true,"href":"https:\/\/www.kvak.info\/index.php\/wp-json\/wp\/v2\/product_cat?post=554"},{"taxonomy":"product_tag","embeddable":true,"href":"https:\/\/www.kvak.info\/index.php\/wp-json\/wp\/v2\/product_tag?post=554"}],"curies":[{"name":"wp","href":"https:\/\/api.w.org\/{rel}","templated":true}]}}