{"id":525,"date":"2026-03-04T22:04:32","date_gmt":"2026-03-04T21:04:32","guid":{"rendered":"https:\/\/www.kvak.info\/?post_type=product&#038;p=525"},"modified":"2026-03-16T15:45:31","modified_gmt":"2026-03-16T14:45:31","slug":"525","status":"publish","type":"product","link":"https:\/\/www.kvak.info\/index.php\/produkt\/525\/","title":{"rendered":"V\u00c1ZA MODR\u00c1"},"content":{"rendered":"<p>AUTOR<\/p>\n<p>Ingrid Zelmanov\u00e1<\/p>\n","protected":false},"excerpt":{"rendered":"<p style=\"text-align: center;\">ROZM\u011aRY<\/p>\n<p>\u0160\u00ed\u0159ka: 13cm<\/p>\n<p>V\u00fd\u0161ka: 20cm<\/p>\n","protected":false},"featured_media":526,"template":"","meta":[],"product_brand":[],"product_cat":[23,26],"product_tag":[],"class_list":{"0":"post-525","1":"product","2":"type-product","3":"status-publish","4":"has-post-thumbnail","6":"product_cat-nezarazene","7":"product_cat-uzitkova-keramika","9":"first","10":"instock","11":"shipping-taxable","12":"purchasable","13":"product-type-simple"},"_links":{"self":[{"href":"https:\/\/www.kvak.info\/index.php\/wp-json\/wp\/v2\/product\/525","targetHints":{"allow":["GET"]}}],"collection":[{"href":"https:\/\/www.kvak.info\/index.php\/wp-json\/wp\/v2\/product"}],"about":[{"href":"https:\/\/www.kvak.info\/index.php\/wp-json\/wp\/v2\/types\/product"}],"wp:featuredmedia":[{"embeddable":true,"href":"https:\/\/www.kvak.info\/index.php\/wp-json\/wp\/v2\/media\/526"}],"wp:attachment":[{"href":"https:\/\/www.kvak.info\/index.php\/wp-json\/wp\/v2\/media?parent=525"}],"wp:term":[{"taxonomy":"product_brand","embeddable":true,"href":"https:\/\/www.kvak.info\/index.php\/wp-json\/wp\/v2\/product_brand?post=525"},{"taxonomy":"product_cat","embeddable":true,"href":"https:\/\/www.kvak.info\/index.php\/wp-json\/wp\/v2\/product_cat?post=525"},{"taxonomy":"product_tag","embeddable":true,"href":"https:\/\/www.kvak.info\/index.php\/wp-json\/wp\/v2\/product_tag?post=525"}],"curies":[{"name":"wp","href":"https:\/\/api.w.org\/{rel}","templated":true}]}}