{"id":520,"date":"2026-03-04T22:00:33","date_gmt":"2026-03-04T21:00:33","guid":{"rendered":"https:\/\/www.kvak.info\/?post_type=product&#038;p=520"},"modified":"2026-03-16T15:45:31","modified_gmt":"2026-03-16T14:45:31","slug":"520","status":"publish","type":"product","link":"https:\/\/www.kvak.info\/index.php\/produkt\/520\/","title":{"rendered":"KONVI\u010cKA MODR\u00c1 Kresba"},"content":{"rendered":"<p>ROZM\u011aRY<\/p>\n<p>\u0160\u00ed\u0159ka: 24cm<\/p>\n<p>V\u00fd\u0161ka:12cm<\/p>\n","protected":false},"excerpt":{"rendered":"<p>ROZM\u011aRY \u0160\u00ed\u0159ka: 24cm V\u00fd\u0161ka:12cm<\/p>\n","protected":false},"featured_media":521,"template":"","meta":[],"product_brand":[],"product_cat":[26],"product_tag":[],"class_list":{"0":"post-520","1":"product","2":"type-product","3":"status-publish","4":"has-post-thumbnail","6":"product_cat-uzitkova-keramika","8":"first","9":"instock","10":"shipping-taxable","11":"purchasable","12":"product-type-simple"},"_links":{"self":[{"href":"https:\/\/www.kvak.info\/index.php\/wp-json\/wp\/v2\/product\/520","targetHints":{"allow":["GET"]}}],"collection":[{"href":"https:\/\/www.kvak.info\/index.php\/wp-json\/wp\/v2\/product"}],"about":[{"href":"https:\/\/www.kvak.info\/index.php\/wp-json\/wp\/v2\/types\/product"}],"wp:featuredmedia":[{"embeddable":true,"href":"https:\/\/www.kvak.info\/index.php\/wp-json\/wp\/v2\/media\/521"}],"wp:attachment":[{"href":"https:\/\/www.kvak.info\/index.php\/wp-json\/wp\/v2\/media?parent=520"}],"wp:term":[{"taxonomy":"product_brand","embeddable":true,"href":"https:\/\/www.kvak.info\/index.php\/wp-json\/wp\/v2\/product_brand?post=520"},{"taxonomy":"product_cat","embeddable":true,"href":"https:\/\/www.kvak.info\/index.php\/wp-json\/wp\/v2\/product_cat?post=520"},{"taxonomy":"product_tag","embeddable":true,"href":"https:\/\/www.kvak.info\/index.php\/wp-json\/wp\/v2\/product_tag?post=520"}],"curies":[{"name":"wp","href":"https:\/\/api.w.org\/{rel}","templated":true}]}}