{"id":462,"date":"2026-03-04T20:50:22","date_gmt":"2026-03-04T19:50:22","guid":{"rendered":"https:\/\/www.kvak.info\/?post_type=product&#038;p=462"},"modified":"2026-03-16T15:47:08","modified_gmt":"2026-03-16T14:47:08","slug":"462","status":"publish","type":"product","link":"https:\/\/www.kvak.info\/index.php\/produkt\/462\/","title":{"rendered":"ZELEN\u00dd TAL\u00cd\u0158"},"content":{"rendered":"<p>AUTOR<\/p>\n<p>Ingrid Zelmanov\u00e1<\/p>\n<p>&nbsp;<\/p>\n","protected":false},"excerpt":{"rendered":"<p>ROZM\u011aRY<\/p>\n<p>Velk\u00fd (45ks)<\/p>\n<p>\u0160\u00ed\u0159ka: 25,5cm<\/p>\n<p>V\u00fd\u0161ka: 7cm<\/p>\n<p>&nbsp;<\/p>\n<p>Men\u0161\u00ed<\/p>\n<p>\u0160\u00ed\u0159ka: 22,5cm<\/p>\n<p>V\u00fd\u0161ka: 6,5cm<\/p>\n","protected":false},"featured_media":463,"template":"","meta":[],"product_brand":[],"product_cat":[26],"product_tag":[],"class_list":{"0":"post-462","1":"product","2":"type-product","3":"status-publish","4":"has-post-thumbnail","6":"product_cat-uzitkova-keramika","8":"first","9":"instock","10":"shipping-taxable","11":"purchasable","12":"product-type-simple"},"_links":{"self":[{"href":"https:\/\/www.kvak.info\/index.php\/wp-json\/wp\/v2\/product\/462","targetHints":{"allow":["GET"]}}],"collection":[{"href":"https:\/\/www.kvak.info\/index.php\/wp-json\/wp\/v2\/product"}],"about":[{"href":"https:\/\/www.kvak.info\/index.php\/wp-json\/wp\/v2\/types\/product"}],"wp:featuredmedia":[{"embeddable":true,"href":"https:\/\/www.kvak.info\/index.php\/wp-json\/wp\/v2\/media\/463"}],"wp:attachment":[{"href":"https:\/\/www.kvak.info\/index.php\/wp-json\/wp\/v2\/media?parent=462"}],"wp:term":[{"taxonomy":"product_brand","embeddable":true,"href":"https:\/\/www.kvak.info\/index.php\/wp-json\/wp\/v2\/product_brand?post=462"},{"taxonomy":"product_cat","embeddable":true,"href":"https:\/\/www.kvak.info\/index.php\/wp-json\/wp\/v2\/product_cat?post=462"},{"taxonomy":"product_tag","embeddable":true,"href":"https:\/\/www.kvak.info\/index.php\/wp-json\/wp\/v2\/product_tag?post=462"}],"curies":[{"name":"wp","href":"https:\/\/api.w.org\/{rel}","templated":true}]}}