{"id":442,"date":"2026-03-04T20:14:09","date_gmt":"2026-03-04T19:14:09","guid":{"rendered":"https:\/\/www.kvak.info\/?post_type=product&#038;p=442"},"modified":"2026-03-16T15:48:23","modified_gmt":"2026-03-16T14:48:23","slug":"442","status":"publish","type":"product","link":"https:\/\/www.kvak.info\/index.php\/produkt\/442\/","title":{"rendered":"HRNEK MAL\u00dd HN\u011aD\u00dd"},"content":{"rendered":"<p>ROZM\u011aRY<\/p>\n<p>\u0160\u00ed\u0159ka: 11cm<\/p>\n<p>V\u00fd\u0161ka: 6cm<\/p>\n","protected":false},"excerpt":{"rendered":"<p>ROZM\u011aRY \u0160\u00ed\u0159ka: 11cm V\u00fd\u0161ka: 6cm<\/p>\n","protected":false},"featured_media":443,"template":"","meta":[],"product_brand":[],"product_cat":[26],"product_tag":[],"class_list":{"0":"post-442","1":"product","2":"type-product","3":"status-publish","4":"has-post-thumbnail","6":"product_cat-uzitkova-keramika","8":"first","9":"instock","10":"shipping-taxable","11":"purchasable","12":"product-type-simple"},"_links":{"self":[{"href":"https:\/\/www.kvak.info\/index.php\/wp-json\/wp\/v2\/product\/442","targetHints":{"allow":["GET"]}}],"collection":[{"href":"https:\/\/www.kvak.info\/index.php\/wp-json\/wp\/v2\/product"}],"about":[{"href":"https:\/\/www.kvak.info\/index.php\/wp-json\/wp\/v2\/types\/product"}],"wp:featuredmedia":[{"embeddable":true,"href":"https:\/\/www.kvak.info\/index.php\/wp-json\/wp\/v2\/media\/443"}],"wp:attachment":[{"href":"https:\/\/www.kvak.info\/index.php\/wp-json\/wp\/v2\/media?parent=442"}],"wp:term":[{"taxonomy":"product_brand","embeddable":true,"href":"https:\/\/www.kvak.info\/index.php\/wp-json\/wp\/v2\/product_brand?post=442"},{"taxonomy":"product_cat","embeddable":true,"href":"https:\/\/www.kvak.info\/index.php\/wp-json\/wp\/v2\/product_cat?post=442"},{"taxonomy":"product_tag","embeddable":true,"href":"https:\/\/www.kvak.info\/index.php\/wp-json\/wp\/v2\/product_tag?post=442"}],"curies":[{"name":"wp","href":"https:\/\/api.w.org\/{rel}","templated":true}]}}