{"id":422,"date":"2026-03-04T19:43:16","date_gmt":"2026-03-04T18:43:16","guid":{"rendered":"https:\/\/www.kvak.info\/?post_type=product&#038;p=422"},"modified":"2026-03-16T15:48:23","modified_gmt":"2026-03-16T14:48:23","slug":"422","status":"publish","type":"product","link":"https:\/\/www.kvak.info\/index.php\/produkt\/422\/","title":{"rendered":"HRNEK SRD\u00cd\u010cKO"},"content":{"rendered":"<p>ROZM\u011aRY<\/p>\n<p>\u0160\u00ed\u0159ka: 6,5cm<\/p>\n<p>V\u00fd\u0161ka: 6cm<\/p>\n","protected":false},"excerpt":{"rendered":"<p>ROZM\u011aRY \u0160\u00ed\u0159ka: 6,5cm V\u00fd\u0161ka: 6cm<\/p>\n","protected":false},"featured_media":424,"template":"","meta":[],"product_brand":[],"product_cat":[26,27],"product_tag":[],"class_list":{"0":"post-422","1":"product","2":"type-product","3":"status-publish","4":"has-post-thumbnail","6":"product_cat-uzitkova-keramika","7":"product_cat-vyprodej","9":"first","10":"instock","11":"shipping-taxable","12":"purchasable","13":"product-type-simple"},"_links":{"self":[{"href":"https:\/\/www.kvak.info\/index.php\/wp-json\/wp\/v2\/product\/422","targetHints":{"allow":["GET"]}}],"collection":[{"href":"https:\/\/www.kvak.info\/index.php\/wp-json\/wp\/v2\/product"}],"about":[{"href":"https:\/\/www.kvak.info\/index.php\/wp-json\/wp\/v2\/types\/product"}],"wp:featuredmedia":[{"embeddable":true,"href":"https:\/\/www.kvak.info\/index.php\/wp-json\/wp\/v2\/media\/424"}],"wp:attachment":[{"href":"https:\/\/www.kvak.info\/index.php\/wp-json\/wp\/v2\/media?parent=422"}],"wp:term":[{"taxonomy":"product_brand","embeddable":true,"href":"https:\/\/www.kvak.info\/index.php\/wp-json\/wp\/v2\/product_brand?post=422"},{"taxonomy":"product_cat","embeddable":true,"href":"https:\/\/www.kvak.info\/index.php\/wp-json\/wp\/v2\/product_cat?post=422"},{"taxonomy":"product_tag","embeddable":true,"href":"https:\/\/www.kvak.info\/index.php\/wp-json\/wp\/v2\/product_tag?post=422"}],"curies":[{"name":"wp","href":"https:\/\/api.w.org\/{rel}","templated":true}]}}