{"id":420,"date":"2026-03-04T20:01:24","date_gmt":"2026-03-04T19:01:24","guid":{"rendered":"https:\/\/www.kvak.info\/?post_type=product&#038;p=420"},"modified":"2026-03-16T15:48:23","modified_gmt":"2026-03-16T14:48:23","slug":"n","status":"publish","type":"product","link":"https:\/\/www.kvak.info\/index.php\/produkt\/n\/","title":{"rendered":"M\u00cdSA S KV\u011aTY"},"content":{"rendered":"<p><strong>AUTOR<\/strong><\/p>\n<p>Marta Tunklov\u00e1<\/p>\n<p>&nbsp;<\/p>\n","protected":false},"excerpt":{"rendered":"<p><strong>ROZM\u011aRY<\/strong><\/p>\n<p>\u0160\u00ed\u0159ka: 26cm<\/p>\n<p>V\u00fd\u0161ka: 8,5cm<\/p>\n","protected":false},"featured_media":436,"template":"","meta":[],"product_brand":[],"product_cat":[26],"product_tag":[],"class_list":{"0":"post-420","1":"product","2":"type-product","3":"status-publish","4":"has-post-thumbnail","6":"product_cat-uzitkova-keramika","8":"first","9":"instock","10":"shipping-taxable","11":"purchasable","12":"product-type-simple"},"_links":{"self":[{"href":"https:\/\/www.kvak.info\/index.php\/wp-json\/wp\/v2\/product\/420","targetHints":{"allow":["GET"]}}],"collection":[{"href":"https:\/\/www.kvak.info\/index.php\/wp-json\/wp\/v2\/product"}],"about":[{"href":"https:\/\/www.kvak.info\/index.php\/wp-json\/wp\/v2\/types\/product"}],"wp:featuredmedia":[{"embeddable":true,"href":"https:\/\/www.kvak.info\/index.php\/wp-json\/wp\/v2\/media\/436"}],"wp:attachment":[{"href":"https:\/\/www.kvak.info\/index.php\/wp-json\/wp\/v2\/media?parent=420"}],"wp:term":[{"taxonomy":"product_brand","embeddable":true,"href":"https:\/\/www.kvak.info\/index.php\/wp-json\/wp\/v2\/product_brand?post=420"},{"taxonomy":"product_cat","embeddable":true,"href":"https:\/\/www.kvak.info\/index.php\/wp-json\/wp\/v2\/product_cat?post=420"},{"taxonomy":"product_tag","embeddable":true,"href":"https:\/\/www.kvak.info\/index.php\/wp-json\/wp\/v2\/product_tag?post=420"}],"curies":[{"name":"wp","href":"https:\/\/api.w.org\/{rel}","templated":true}]}}