{"id":373,"date":"2026-02-18T15:36:01","date_gmt":"2026-02-18T14:36:01","guid":{"rendered":"https:\/\/kvak.info\/?page_id=373"},"modified":"2026-02-18T15:36:01","modified_gmt":"2026-02-18T14:36:01","slug":"prihlaska-na-akci-kvak","status":"publish","type":"page","link":"https:\/\/www.kvak.info\/index.php\/prihlaska-na-akci-kvak\/","title":{"rendered":"P\u0159ihl\u00e1\u0161ka na akci KVAK"},"content":{"rendered":"\n<div class=\"wpcf7 no-js\" id=\"wpcf7-f370-o1\" lang=\"cs-CZ\" dir=\"ltr\" data-wpcf7-id=\"370\">\n<div class=\"screen-reader-response\"><p role=\"status\" aria-live=\"polite\" aria-atomic=\"true\"><\/p> <ul><\/ul><\/div>\n<form action=\"\/index.php\/wp-json\/wp\/v2\/pages\/373#wpcf7-f370-o1\" method=\"post\" class=\"wpcf7-form init\" aria-label=\"Kontaktn\u00ed formul\u00e1\u0159\" novalidate=\"novalidate\" data-status=\"init\">\n<fieldset class=\"hidden-fields-container\"><input type=\"hidden\" name=\"_wpcf7\" value=\"370\" \/><input type=\"hidden\" name=\"_wpcf7_version\" value=\"6.1.5\" \/><input type=\"hidden\" name=\"_wpcf7_locale\" value=\"cs_CZ\" \/><input type=\"hidden\" name=\"_wpcf7_unit_tag\" value=\"wpcf7-f370-o1\" \/><input type=\"hidden\" name=\"_wpcf7_container_post\" value=\"0\" \/><input type=\"hidden\" name=\"_wpcf7_posted_data_hash\" value=\"\" \/>\n<\/fieldset>\n<p><span class=\"wpcf7-form-control-wrap\" data-name=\"select-891\"><select class=\"wpcf7-form-control wpcf7-select\" aria-invalid=\"false\" name=\"select-891\"><option value=\"Ubytov\u00e1n\u00ed\">Ubytov\u00e1n\u00ed<\/option><option value=\"T\u00e1bor\">T\u00e1bor<\/option><option value=\"Keramick\u00e9 symp\u00f3zium\">Keramick\u00e9 symp\u00f3zium<\/option><option value=\"Kurzy to\u010den\u00ed\">Kurzy to\u010den\u00ed<\/option><option value=\"Kurzy v\u00edkendov\u00e9\">Kurzy v\u00edkendov\u00e9<\/option><option value=\"Kurzy modelov\u00e1n\u00ed\">Kurzy modelov\u00e1n\u00ed<\/option><option value=\"Kurzy ostatn\u00ed\">Kurzy ostatn\u00ed<\/option><\/select><\/span>\n<\/p>\n<p><label> Term\u00edn od:<br \/>\n<span class=\"wpcf7-form-control-wrap\" data-name=\"Termin-od\"><input class=\"wpcf7-form-control wpcf7-date wpcf7-validates-as-required wpcf7-validates-as-date\" max=\"2099-12-31\" aria-required=\"true\" aria-invalid=\"false\" value=\"\" type=\"date\" name=\"Termin-od\" \/><\/span> <\/label>\n<\/p>\n<p><label> Term\u00edn do:<br \/>\n<span class=\"wpcf7-form-control-wrap\" data-name=\"Termin-do\"><input class=\"wpcf7-form-control wpcf7-date wpcf7-validates-as-required wpcf7-validates-as-date\" max=\"2099-12-31\" aria-required=\"true\" aria-invalid=\"false\" value=\"\" type=\"date\" name=\"Termin-do\" \/><\/span> <\/label>\n<\/p>\n<p><label> Va\u0161e jm\u00e9no<br \/>\n<span class=\"wpcf7-form-control-wrap\" data-name=\"your-name\"><input size=\"40\" maxlength=\"400\" class=\"wpcf7-form-control wpcf7-text wpcf7-validates-as-required\" autocomplete=\"name\" aria-required=\"true\" aria-invalid=\"false\" value=\"\" type=\"text\" name=\"your-name\" \/><\/span> <\/label>\n<\/p>\n<p><label> Adresa<br \/>\n<span class=\"wpcf7-form-control-wrap\" data-name=\"your-message\"><textarea cols=\"40\" rows=\"10\" maxlength=\"2000\" class=\"wpcf7-form-control wpcf7-textarea wpcf7-validates-as-required\" aria-required=\"true\" aria-invalid=\"false\" name=\"your-message\"><\/textarea><\/span> <\/label>\n<\/p>\n<p><label> Telefon<br \/>\n<span class=\"wpcf7-form-control-wrap\" data-name=\"Telefon\"><input size=\"40\" maxlength=\"400\" class=\"wpcf7-form-control wpcf7-tel wpcf7-validates-as-required wpcf7-text wpcf7-validates-as-tel\" aria-required=\"true\" aria-invalid=\"false\" value=\"\" type=\"tel\" name=\"Telefon\" \/><\/span> <\/label>\n<\/p>\n<p><label> V\u00e1\u0161 e-mail<br \/>\n<span class=\"wpcf7-form-control-wrap\" data-name=\"Email\"><input size=\"40\" maxlength=\"400\" class=\"wpcf7-form-control wpcf7-email wpcf7-validates-as-required wpcf7-text wpcf7-validates-as-email\" aria-required=\"true\" aria-invalid=\"false\" value=\"\" type=\"email\" name=\"Email\" \/><\/span> <\/label>\n<\/p>\n<p><label> Datum platby <\/label><br \/>\n<span class=\"wpcf7-form-control-wrap\" data-name=\"date-platby\"><input class=\"wpcf7-form-control wpcf7-date wpcf7-validates-as-required wpcf7-validates-as-date\" aria-required=\"true\" aria-invalid=\"false\" value=\"\" type=\"date\" name=\"date-platby\" \/><\/span>\n<\/p>\n<p><label> Banka<br \/>\n<span class=\"wpcf7-form-control-wrap\" data-name=\"Banka\"><input size=\"40\" maxlength=\"400\" class=\"wpcf7-form-control wpcf7-text wpcf7-validates-as-required\" aria-required=\"true\" aria-invalid=\"false\" value=\"\" type=\"text\" name=\"Banka\" \/><\/span> <\/label>\n<\/p>\n<p><label> \u010d. \u00fa\u010dtu<br \/>\n<span class=\"wpcf7-form-control-wrap\" data-name=\"c-uctu\"><input size=\"40\" maxlength=\"400\" class=\"wpcf7-form-control wpcf7-text wpcf7-validates-as-required\" aria-required=\"true\" aria-invalid=\"false\" value=\"\" type=\"text\" name=\"c-uctu\" \/><\/span> <\/label>\n<\/p>\n<p><label> Zp\u016fsob \u00fahrady<br \/>\n<span class=\"wpcf7-form-control-wrap\" data-name=\"Zpusobuhrady\"><span class=\"wpcf7-form-control wpcf7-checkbox wpcf7-validates-as-required\"><span class=\"wpcf7-list-item first\"><label><input type=\"checkbox\" name=\"Zpusobuhrady[]\" value=\"hrad\u00ed vys\u00edlaj\u00edc\u00ed instituce\" \/><span class=\"wpcf7-list-item-label\">hrad\u00ed vys\u00edlaj\u00edc\u00ed instituce<\/span><\/label><\/span><span class=\"wpcf7-list-item last\"><label><input type=\"checkbox\" name=\"Zpusobuhrady[]\" value=\"samopl\u00e1tce\" \/><span class=\"wpcf7-list-item-label\">samopl\u00e1tce<\/span><\/label><\/span><\/span><\/span> <\/label>\n<\/p>\n<p><label> Uplat\u0148uji slevu<br \/>\n<span class=\"wpcf7-form-control-wrap\" data-name=\"checkbox-sleva\"><span class=\"wpcf7-form-control wpcf7-checkbox\"><span class=\"wpcf7-list-item first\"><label><input type=\"checkbox\" name=\"checkbox-sleva[]\" value=\"Senior\" \/><span class=\"wpcf7-list-item-label\">Senior<\/span><\/label><\/span><span class=\"wpcf7-list-item last\"><label><input type=\"checkbox\" name=\"checkbox-sleva[]\" value=\"Student\" \/><span class=\"wpcf7-list-item-label\">Student<\/span><\/label><\/span><\/span><\/span> <\/label>\n<\/p>\n<p><label> Fakturovat komu:<br \/>\nKVAK o.p.s., Fio banka \u010d\u00edslo \u00fa\u010dtu: 2200418259\/2010 <\/label><br \/>\n<span class=\"wpcf7-form-control-wrap\" data-name=\"fakturovat-komu\"><textarea cols=\"40\" rows=\"10\" maxlength=\"2000\" class=\"wpcf7-form-control wpcf7-textarea\" aria-invalid=\"false\" name=\"fakturovat-komu\"><\/textarea><\/span>\n<\/p>\n<p><input class=\"wpcf7-form-control wpcf7-submit has-spinner\" type=\"submit\" value=\"Odeslat\" \/>\n<\/p><div class=\"wpcf7-response-output\" aria-hidden=\"true\"><\/div>\n<\/form>\n<\/div>\n\n","protected":false},"excerpt":{"rendered":"","protected":false},"author":4,"featured_media":0,"parent":0,"menu_order":0,"comment_status":"closed","ping_status":"closed","template":"","meta":{"footnotes":""},"class_list":["post-373","page","type-page","status-publish","hentry"],"_links":{"self":[{"href":"https:\/\/www.kvak.info\/index.php\/wp-json\/wp\/v2\/pages\/373","targetHints":{"allow":["GET"]}}],"collection":[{"href":"https:\/\/www.kvak.info\/index.php\/wp-json\/wp\/v2\/pages"}],"about":[{"href":"https:\/\/www.kvak.info\/index.php\/wp-json\/wp\/v2\/types\/page"}],"author":[{"embeddable":true,"href":"https:\/\/www.kvak.info\/index.php\/wp-json\/wp\/v2\/users\/4"}],"replies":[{"embeddable":true,"href":"https:\/\/www.kvak.info\/index.php\/wp-json\/wp\/v2\/comments?post=373"}],"version-history":[{"count":2,"href":"https:\/\/www.kvak.info\/index.php\/wp-json\/wp\/v2\/pages\/373\/revisions"}],"predecessor-version":[{"id":402,"href":"https:\/\/www.kvak.info\/index.php\/wp-json\/wp\/v2\/pages\/373\/revisions\/402"}],"wp:attachment":[{"href":"https:\/\/www.kvak.info\/index.php\/wp-json\/wp\/v2\/media?parent=373"}],"curies":[{"name":"wp","href":"https:\/\/api.w.org\/{rel}","templated":true}]}}